{"id":169,"date":"2022-01-06T13:58:41","date_gmt":"2022-01-06T16:58:41","guid":{"rendered":"https:\/\/clinicamarciafrigerio.com.br\/?page_id=169"},"modified":"2022-01-06T13:58:41","modified_gmt":"2022-01-06T16:58:41","slug":"plastica-nas-mamas","status":"publish","type":"page","link":"http:\/\/dramarciafrigerio.com.br\/?page_id=169","title":{"rendered":"Pl\u00e1stica nas Mamas"},"content":{"rendered":"\n<div data-elementor-type=\"wp-page\" data-elementor-id=\"169\" class=\"elementor elementor-169\">\n<section class=\"elementor-section elementor-top-section elementor-element elementor-element-be52889 elementor-section-height-min-height elementor-section-boxed elementor-section-height-default elementor-section-items-middle\" data-id=\"be52889\" data-element_type=\"section\" data-settings=\"{&quot;shape_divider_bottom&quot;:&quot;opacity-tilt&quot;}\">\n<div class=\"elementor-background-overlay\"><\/div>\n<div class=\"elementor-shape elementor-shape-bottom\" data-negative=\"false\">\n\t\t\t<svg xmlns=\"http:\/\/www.w3.org\/2000\/svg\" viewBox=\"0 0 2600 131.1\" preserveAspectRatio=\"none\">\n\t<path class=\"elementor-shape-fill\" d=\"M0 0L2600 0 2600 69.1 0 0z\"\/>\n\t<path class=\"elementor-shape-fill\" style=\"opacity:0.5\" d=\"M0 0L2600 0 2600 69.1 0 69.1z\"\/>\n\t<path class=\"elementor-shape-fill\" style=\"opacity:0.25\" d=\"M2600 0L0 0 0 130.1 2600 69.1z\"\/>\n<\/svg>\t\t<\/div>\n<div class=\"elementor-container elementor-column-gap-default\">\n<div class=\"elementor-column elementor-col-100 elementor-top-column elementor-element elementor-element-0d5b812\" data-id=\"0d5b812\" data-element_type=\"column\">\n<div class=\"elementor-widget-wrap elementor-element-populated\">\n<section class=\"elementor-section elementor-inner-section elementor-element elementor-element-b36af2e elementor-section-boxed elementor-section-height-default elementor-section-height-default\" data-id=\"b36af2e\" data-element_type=\"section\">\n<div class=\"elementor-container elementor-column-gap-default\">\n<div class=\"elementor-column elementor-col-50 elementor-inner-column elementor-element elementor-element-045ca5c\" data-id=\"045ca5c\" data-element_type=\"column\">\n<div class=\"elementor-widget-wrap elementor-element-populated\">\n<div class=\"elementor-element elementor-element-5bf001e elementor-widget elementor-widget-heading\" data-id=\"5bf001e\" data-element_type=\"widget\" data-widget_type=\"heading.default\">\n<div class=\"elementor-widget-container\">\n<style>\/*! elementor - v3.6.5 - 27-04-2022 *\/\n.elementor-heading-title{padding:0;margin:0;line-height:1}.elementor-widget-heading .elementor-heading-title[class*=elementor-size-]>a{color:inherit;font-size:inherit;line-height:inherit}.elementor-widget-heading .elementor-heading-title.elementor-size-small{font-size:15px}.elementor-widget-heading .elementor-heading-title.elementor-size-medium{font-size:19px}.elementor-widget-heading .elementor-heading-title.elementor-size-large{font-size:29px}.elementor-widget-heading .elementor-heading-title.elementor-size-xl{font-size:39px}.elementor-widget-heading .elementor-heading-title.elementor-size-xxl{font-size:59px}<\/style>\n<h2 class=\"elementor-heading-title elementor-size-default\">Pl\u00e1stica nas Mamas<\/h2>\n<\/p><\/div>\n<\/p><\/div>\n<\/p><\/div>\n<\/p><\/div>\n<div class=\"elementor-column elementor-col-50 elementor-inner-column elementor-element elementor-element-ca35f4f\" data-id=\"ca35f4f\" data-element_type=\"column\">\n<div class=\"elementor-widget-wrap\">\n\t\t\t\t\t\t\t\t\t<\/div>\n<\/p><\/div>\n<\/p><\/div>\n<\/section><\/div>\n<\/p><\/div>\n<\/p><\/div>\n<\/section>\n<section class=\"elementor-section elementor-top-section elementor-element elementor-element-5a36041 elementor-section-boxed elementor-section-height-default elementor-section-height-default\" data-id=\"5a36041\" data-element_type=\"section\">\n<div class=\"elementor-background-overlay\"><\/div>\n<div class=\"elementor-container elementor-column-gap-default\">\n<div class=\"elementor-column elementor-col-100 elementor-top-column elementor-element elementor-element-ef38f5b\" data-id=\"ef38f5b\" data-element_type=\"column\">\n<div class=\"elementor-widget-wrap elementor-element-populated\">\n<div class=\"elementor-element elementor-element-a626ffc elementor-widget elementor-widget-heading\" data-id=\"a626ffc\" data-element_type=\"widget\" data-widget_type=\"heading.default\">\n<div class=\"elementor-widget-container\">\n<h2 class=\"elementor-heading-title elementor-size-default\">Tipos de  <b>procedimentos<\/b> <\/h2>\n<\/p><\/div>\n<\/p><\/div>\n<\/p><\/div>\n<\/p><\/div>\n<\/p><\/div>\n<\/section>\n<section class=\"elementor-section elementor-top-section elementor-element elementor-element-8001c23 elementor-section-boxed elementor-section-height-default elementor-section-height-default\" data-id=\"8001c23\" data-element_type=\"section\">\n<div class=\"elementor-container elementor-column-gap-default\">\n<div class=\"elementor-column elementor-col-100 elementor-top-column elementor-element elementor-element-501482c\" data-id=\"501482c\" data-element_type=\"column\">\n<div class=\"elementor-widget-wrap elementor-element-populated\">\n<div class=\"elementor-element elementor-element-cdb51be elementor-widget elementor-widget-toggle\" data-id=\"cdb51be\" data-element_type=\"widget\" data-widget_type=\"toggle.default\">\n<div class=\"elementor-widget-container\">\n<style>\/*! elementor - v3.6.5 - 27-04-2022 *\/\n.elementor-toggle{text-align:left}.elementor-toggle .elementor-tab-title{font-weight:700;line-height:1;margin:0;padding:15px;border-bottom:1px solid #d4d4d4;cursor:pointer;outline:none}.elementor-toggle .elementor-tab-title .elementor-toggle-icon{display:inline-block;width:1em}.elementor-toggle .elementor-tab-title .elementor-toggle-icon svg{-webkit-margin-start:-5px;margin-inline-start:-5px;width:1em;height:1em}.elementor-toggle .elementor-tab-title .elementor-toggle-icon.elementor-toggle-icon-right{float:right;text-align:right}.elementor-toggle .elementor-tab-title .elementor-toggle-icon.elementor-toggle-icon-left{float:left;text-align:left}.elementor-toggle .elementor-tab-title .elementor-toggle-icon .elementor-toggle-icon-closed{display:block}.elementor-toggle .elementor-tab-title .elementor-toggle-icon .elementor-toggle-icon-opened{display:none}.elementor-toggle .elementor-tab-title.elementor-active{border-bottom:none}.elementor-toggle .elementor-tab-title.elementor-active .elementor-toggle-icon-closed{display:none}.elementor-toggle .elementor-tab-title.elementor-active .elementor-toggle-icon-opened{display:block}.elementor-toggle .elementor-tab-content{padding:15px;border-bottom:1px solid #d4d4d4;display:none}@media (max-width:767px){.elementor-toggle .elementor-tab-title{padding:12px}.elementor-toggle .elementor-tab-content{padding:12px 10px}}<\/style>\n<div class=\"elementor-toggle\" role=\"tablist\">\n<div class=\"elementor-toggle-item\">\n<div id=\"elementor-tab-title-2151\" class=\"elementor-tab-title\" data-tab=\"1\" role=\"tab\" aria-controls=\"elementor-tab-content-2151\" aria-expanded=\"false\">\n\t\t\t\t\t\t\t\t\t\t\t\t<span class=\"elementor-toggle-icon elementor-toggle-icon-left\" aria-hidden=\"true\"><br \/>\n\t\t\t\t\t\t\t\t\t\t\t\t\t\t\t<span class=\"elementor-toggle-icon-closed\"><i class=\"fas fa-caret-right\"><\/i><\/span><br \/>\n\t\t\t\t\t\t\t\t<span class=\"elementor-toggle-icon-opened\"><i class=\"elementor-toggle-icon-opened fas fa-caret-up\"><\/i><\/span><br \/>\n\t\t\t\t\t\t\t\t\t\t\t\t\t<\/span><br \/>\n\t\t\t\t\t\t\t\t\t\t\t\t<a href=\"\" class=\"elementor-toggle-title\">MAMOPLASTIA REDUTORA<\/a>\n\t\t\t\t\t<\/div>\n<div id=\"elementor-tab-content-2151\" class=\"elementor-tab-content elementor-clearfix\" data-tab=\"1\" role=\"tabpanel\" aria-labelledby=\"elementor-tab-title-2151\">\n<p>Consiste na retirada do excesso de tecido mam\u00e1rio e da corre\u00e7\u00e3o das assimetrias mam\u00e1rias.<br \/>As incis\u00f5es variam, sendo as mais comuns ao redor da ar\u00e9ola e vertical, indo da ar\u00e9ola at\u00e9 o sulco inframam\u00e1rio e no sulco inframam\u00e1rio (incis\u00e3o em T invertido).<\/p>\n<p>Realizada com anestesia local e seda\u00e7\u00e3o ou anestesia geral nas mamas muito grandes.<\/p>\n<p>O tempo de recupera\u00e7\u00e3o varia de 3 a 4 semanas e o resultado final em 6 meses.<\/p>\n<\/div><\/div>\n<div class=\"elementor-toggle-item\">\n<div id=\"elementor-tab-title-2152\" class=\"elementor-tab-title\" data-tab=\"2\" role=\"tab\" aria-controls=\"elementor-tab-content-2152\" aria-expanded=\"false\">\n\t\t\t\t\t\t\t\t\t\t\t\t<span class=\"elementor-toggle-icon elementor-toggle-icon-left\" aria-hidden=\"true\"><br \/>\n\t\t\t\t\t\t\t\t\t\t\t\t\t\t\t<span class=\"elementor-toggle-icon-closed\"><i class=\"fas fa-caret-right\"><\/i><\/span><br \/>\n\t\t\t\t\t\t\t\t<span class=\"elementor-toggle-icon-opened\"><i class=\"elementor-toggle-icon-opened fas fa-caret-up\"><\/i><\/span><br \/>\n\t\t\t\t\t\t\t\t\t\t\t\t\t<\/span><br \/>\n\t\t\t\t\t\t\t\t\t\t\t\t<a href=\"\" class=\"elementor-toggle-title\">MAMOPLASTIA DE AUMENTO<\/a>\n\t\t\t\t\t<\/div>\n<div id=\"elementor-tab-content-2152\" class=\"elementor-tab-content elementor-clearfix\" data-tab=\"2\" role=\"tabpanel\" aria-labelledby=\"elementor-tab-title-2152\">\n<p>\u00c9 o aumento das mamas com implantes de silicone.<br \/>As incis\u00f5es pode ser realizadas no sulco inframam\u00e1rio (embaixo da mama), na ar\u00e9ola ou na axila, dependendo da indica\u00e7\u00e3o de cada caso.<\/p>\n<p>A anestesia \u00e9 local com seda\u00e7\u00e3o.<\/p>\n<p><span style=\"font-size: 14px; color: var( --e-global-color-7e785b1 );\">O tempo de recupera\u00e7\u00e3o varia de 3 a 4 semanas e o resultado final em 6 meses.<\/span><\/p>\n<\/div><\/div>\n<\/p><\/div>\n<\/p><\/div>\n<\/p><\/div>\n<\/p><\/div>\n<\/p><\/div>\n<\/p><\/div>\n<\/section><\/div>\n","protected":false},"excerpt":{"rendered":"<p>Pl\u00e1stica nas Mamas Tipos de procedimentos MAMOPLASTIA REDUTORA Consiste na retirada do excesso de tecido mam\u00e1rio e da corre\u00e7\u00e3o das assimetrias mam\u00e1rias.As incis\u00f5es variam, sendo as mais comuns ao redor da ar\u00e9ola e vertical, indo da ar\u00e9ola at\u00e9 o sulco inframam\u00e1rio e no sulco inframam\u00e1rio (incis\u00e3o em T invertido). Realizada com anestesia local e seda\u00e7\u00e3o [&hellip;]<\/p>\n","protected":false},"author":2,"featured_media":0,"parent":0,"menu_order":0,"comment_status":"closed","ping_status":"closed","template":"elementor_canvas","meta":{"_joinchat":[]},"yoast_head":"<!-- This site is optimized with the Yoast SEO plugin v19.14 - https:\/\/yoast.com\/wordpress\/plugins\/seo\/ -->\n<title>Pl\u00e1stica nas Mamas - Cl\u00ednica Marcia Frigerio<\/title>\n<meta name=\"robots\" content=\"index, follow, max-snippet:-1, max-image-preview:large, max-video-preview:-1\" \/>\n<link rel=\"canonical\" href=\"https:\/\/dramarciafrigerio.com.br\/?page_id=169\" \/>\n<meta property=\"og:locale\" content=\"en_US\" \/>\n<meta property=\"og:type\" content=\"article\" \/>\n<meta property=\"og:title\" content=\"Pl\u00e1stica nas Mamas - Cl\u00ednica Marcia Frigerio\" \/>\n<meta property=\"og:description\" content=\"Pl\u00e1stica nas Mamas Tipos de procedimentos MAMOPLASTIA REDUTORA Consiste na retirada do excesso de tecido mam\u00e1rio e da corre\u00e7\u00e3o das assimetrias mam\u00e1rias.As incis\u00f5es variam, sendo as mais comuns ao redor da ar\u00e9ola e vertical, indo da ar\u00e9ola at\u00e9 o sulco inframam\u00e1rio e no sulco inframam\u00e1rio (incis\u00e3o em T invertido). Realizada com anestesia local e seda\u00e7\u00e3o [&hellip;]\" \/>\n<meta property=\"og:url\" content=\"https:\/\/dramarciafrigerio.com.br\/?page_id=169\" \/>\n<meta property=\"og:site_name\" content=\"Cl\u00ednica Marcia Frigerio\" \/>\n<meta name=\"twitter:card\" content=\"summary_large_image\" \/>\n<meta name=\"twitter:label1\" content=\"Est. reading time\" \/>\n\t<meta name=\"twitter:data1\" content=\"1 minute\" \/>\n<script type=\"application\/ld+json\" class=\"yoast-schema-graph\">{\"@context\":\"https:\/\/schema.org\",\"@graph\":[{\"@type\":\"WebPage\",\"@id\":\"https:\/\/dramarciafrigerio.com.br\/?page_id=169\",\"url\":\"https:\/\/dramarciafrigerio.com.br\/?page_id=169\",\"name\":\"Pl\u00e1stica nas Mamas - Cl\u00ednica Marcia Frigerio\",\"isPartOf\":{\"@id\":\"http:\/\/dramarciafrigerio.com.br\/#website\"},\"datePublished\":\"2022-01-06T16:58:41+00:00\",\"dateModified\":\"2022-01-06T16:58:41+00:00\",\"breadcrumb\":{\"@id\":\"https:\/\/dramarciafrigerio.com.br\/?page_id=169#breadcrumb\"},\"inLanguage\":\"en-US\",\"potentialAction\":[{\"@type\":\"ReadAction\",\"target\":[\"https:\/\/dramarciafrigerio.com.br\/?page_id=169\"]}]},{\"@type\":\"BreadcrumbList\",\"@id\":\"https:\/\/dramarciafrigerio.com.br\/?page_id=169#breadcrumb\",\"itemListElement\":[{\"@type\":\"ListItem\",\"position\":1,\"name\":\"Home\",\"item\":\"http:\/\/dramarciafrigerio.com.br\/\"},{\"@type\":\"ListItem\",\"position\":2,\"name\":\"Pl\u00e1stica nas Mamas\"}]},{\"@type\":\"WebSite\",\"@id\":\"http:\/\/dramarciafrigerio.com.br\/#website\",\"url\":\"http:\/\/dramarciafrigerio.com.br\/\",\"name\":\"Cl\u00ednica Marcia Frigerio\",\"description\":\"\",\"potentialAction\":[{\"@type\":\"SearchAction\",\"target\":{\"@type\":\"EntryPoint\",\"urlTemplate\":\"http:\/\/dramarciafrigerio.com.br\/?s={search_term_string}\"},\"query-input\":\"required name=search_term_string\"}],\"inLanguage\":\"en-US\"}]}<\/script>\n<!-- \/ Yoast SEO plugin. -->","yoast_head_json":{"title":"Pl\u00e1stica nas Mamas - Cl\u00ednica Marcia Frigerio","robots":{"index":"index","follow":"follow","max-snippet":"max-snippet:-1","max-image-preview":"max-image-preview:large","max-video-preview":"max-video-preview:-1"},"canonical":"https:\/\/dramarciafrigerio.com.br\/?page_id=169","og_locale":"en_US","og_type":"article","og_title":"Pl\u00e1stica nas Mamas - Cl\u00ednica Marcia Frigerio","og_description":"Pl\u00e1stica nas Mamas Tipos de procedimentos MAMOPLASTIA REDUTORA Consiste na retirada do excesso de tecido mam\u00e1rio e da corre\u00e7\u00e3o das assimetrias mam\u00e1rias.As incis\u00f5es variam, sendo as mais comuns ao redor da ar\u00e9ola e vertical, indo da ar\u00e9ola at\u00e9 o sulco inframam\u00e1rio e no sulco inframam\u00e1rio (incis\u00e3o em T invertido). Realizada com anestesia local e seda\u00e7\u00e3o [&hellip;]","og_url":"https:\/\/dramarciafrigerio.com.br\/?page_id=169","og_site_name":"Cl\u00ednica Marcia Frigerio","twitter_card":"summary_large_image","twitter_misc":{"Est. reading time":"1 minute"},"schema":{"@context":"https:\/\/schema.org","@graph":[{"@type":"WebPage","@id":"https:\/\/dramarciafrigerio.com.br\/?page_id=169","url":"https:\/\/dramarciafrigerio.com.br\/?page_id=169","name":"Pl\u00e1stica nas Mamas - Cl\u00ednica Marcia Frigerio","isPartOf":{"@id":"http:\/\/dramarciafrigerio.com.br\/#website"},"datePublished":"2022-01-06T16:58:41+00:00","dateModified":"2022-01-06T16:58:41+00:00","breadcrumb":{"@id":"https:\/\/dramarciafrigerio.com.br\/?page_id=169#breadcrumb"},"inLanguage":"en-US","potentialAction":[{"@type":"ReadAction","target":["https:\/\/dramarciafrigerio.com.br\/?page_id=169"]}]},{"@type":"BreadcrumbList","@id":"https:\/\/dramarciafrigerio.com.br\/?page_id=169#breadcrumb","itemListElement":[{"@type":"ListItem","position":1,"name":"Home","item":"http:\/\/dramarciafrigerio.com.br\/"},{"@type":"ListItem","position":2,"name":"Pl\u00e1stica nas Mamas"}]},{"@type":"WebSite","@id":"http:\/\/dramarciafrigerio.com.br\/#website","url":"http:\/\/dramarciafrigerio.com.br\/","name":"Cl\u00ednica Marcia Frigerio","description":"","potentialAction":[{"@type":"SearchAction","target":{"@type":"EntryPoint","urlTemplate":"http:\/\/dramarciafrigerio.com.br\/?s={search_term_string}"},"query-input":"required name=search_term_string"}],"inLanguage":"en-US"}]}},"_links":{"self":[{"href":"http:\/\/dramarciafrigerio.com.br\/index.php?rest_route=\/wp\/v2\/pages\/169"}],"collection":[{"href":"http:\/\/dramarciafrigerio.com.br\/index.php?rest_route=\/wp\/v2\/pages"}],"about":[{"href":"http:\/\/dramarciafrigerio.com.br\/index.php?rest_route=\/wp\/v2\/types\/page"}],"author":[{"embeddable":true,"href":"http:\/\/dramarciafrigerio.com.br\/index.php?rest_route=\/wp\/v2\/users\/2"}],"replies":[{"embeddable":true,"href":"http:\/\/dramarciafrigerio.com.br\/index.php?rest_route=%2Fwp%2Fv2%2Fcomments&post=169"}],"version-history":[{"count":0,"href":"http:\/\/dramarciafrigerio.com.br\/index.php?rest_route=\/wp\/v2\/pages\/169\/revisions"}],"wp:attachment":[{"href":"http:\/\/dramarciafrigerio.com.br\/index.php?rest_route=%2Fwp%2Fv2%2Fmedia&parent=169"}],"curies":[{"name":"wp","href":"https:\/\/api.w.org\/{rel}","templated":true}]}}