{"id":196,"date":"2022-01-06T14:18:37","date_gmt":"2022-01-06T17:18:37","guid":{"rendered":"https:\/\/clinicamarciafrigerio.com.br\/?page_id=196"},"modified":"2022-01-06T14:18:37","modified_gmt":"2022-01-06T17:18:37","slug":"plastica-corporal","status":"publish","type":"page","link":"http:\/\/dramarciafrigerio.com.br\/?page_id=196","title":{"rendered":"Pl\u00e1stica Corporal"},"content":{"rendered":"\n<div data-elementor-type=\"wp-page\" data-elementor-id=\"196\" class=\"elementor elementor-196\">\n<section class=\"elementor-section elementor-top-section elementor-element elementor-element-be52889 elementor-section-height-min-height elementor-section-boxed elementor-section-height-default elementor-section-items-middle\" data-id=\"be52889\" data-element_type=\"section\" data-settings=\"{&quot;shape_divider_bottom&quot;:&quot;opacity-tilt&quot;}\">\n<div class=\"elementor-background-overlay\"><\/div>\n<div class=\"elementor-shape elementor-shape-bottom\" data-negative=\"false\">\n\t\t\t<svg xmlns=\"http:\/\/www.w3.org\/2000\/svg\" viewBox=\"0 0 2600 131.1\" preserveAspectRatio=\"none\">\n\t<path class=\"elementor-shape-fill\" d=\"M0 0L2600 0 2600 69.1 0 0z\"\/>\n\t<path class=\"elementor-shape-fill\" style=\"opacity:0.5\" d=\"M0 0L2600 0 2600 69.1 0 69.1z\"\/>\n\t<path class=\"elementor-shape-fill\" style=\"opacity:0.25\" d=\"M2600 0L0 0 0 130.1 2600 69.1z\"\/>\n<\/svg>\t\t<\/div>\n<div class=\"elementor-container elementor-column-gap-default\">\n<div class=\"elementor-column elementor-col-100 elementor-top-column elementor-element elementor-element-0d5b812\" data-id=\"0d5b812\" data-element_type=\"column\">\n<div class=\"elementor-widget-wrap elementor-element-populated\">\n<section class=\"elementor-section elementor-inner-section elementor-element elementor-element-b36af2e elementor-section-boxed elementor-section-height-default elementor-section-height-default\" data-id=\"b36af2e\" data-element_type=\"section\">\n<div class=\"elementor-container elementor-column-gap-default\">\n<div class=\"elementor-column elementor-col-50 elementor-inner-column elementor-element elementor-element-045ca5c\" data-id=\"045ca5c\" data-element_type=\"column\">\n<div class=\"elementor-widget-wrap elementor-element-populated\">\n<div class=\"elementor-element elementor-element-5bf001e elementor-widget elementor-widget-heading\" data-id=\"5bf001e\" data-element_type=\"widget\" data-widget_type=\"heading.default\">\n<div class=\"elementor-widget-container\">\n<style>\/*! elementor - v3.6.5 - 27-04-2022 *\/\n.elementor-heading-title{padding:0;margin:0;line-height:1}.elementor-widget-heading .elementor-heading-title[class*=elementor-size-]>a{color:inherit;font-size:inherit;line-height:inherit}.elementor-widget-heading .elementor-heading-title.elementor-size-small{font-size:15px}.elementor-widget-heading .elementor-heading-title.elementor-size-medium{font-size:19px}.elementor-widget-heading .elementor-heading-title.elementor-size-large{font-size:29px}.elementor-widget-heading .elementor-heading-title.elementor-size-xl{font-size:39px}.elementor-widget-heading .elementor-heading-title.elementor-size-xxl{font-size:59px}<\/style>\n<h2 class=\"elementor-heading-title elementor-size-default\">Pl\u00e1stica Corporal<\/h2>\n<\/p><\/div>\n<\/p><\/div>\n<\/p><\/div>\n<\/p><\/div>\n<div class=\"elementor-column elementor-col-50 elementor-inner-column elementor-element elementor-element-ca35f4f\" data-id=\"ca35f4f\" data-element_type=\"column\">\n<div class=\"elementor-widget-wrap\">\n\t\t\t\t\t\t\t\t\t<\/div>\n<\/p><\/div>\n<\/p><\/div>\n<\/section><\/div>\n<\/p><\/div>\n<\/p><\/div>\n<\/section>\n<section class=\"elementor-section elementor-top-section elementor-element elementor-element-5a36041 elementor-section-boxed elementor-section-height-default elementor-section-height-default\" data-id=\"5a36041\" data-element_type=\"section\">\n<div class=\"elementor-background-overlay\"><\/div>\n<div class=\"elementor-container elementor-column-gap-default\">\n<div class=\"elementor-column elementor-col-100 elementor-top-column elementor-element elementor-element-ef38f5b\" data-id=\"ef38f5b\" data-element_type=\"column\">\n<div class=\"elementor-widget-wrap elementor-element-populated\">\n<div class=\"elementor-element elementor-element-a626ffc elementor-widget elementor-widget-heading\" data-id=\"a626ffc\" data-element_type=\"widget\" data-widget_type=\"heading.default\">\n<div class=\"elementor-widget-container\">\n<h2 class=\"elementor-heading-title elementor-size-default\">Tipos de  <b>procedimentos<\/b> <\/h2>\n<\/p><\/div>\n<\/p><\/div>\n<\/p><\/div>\n<\/p><\/div>\n<\/p><\/div>\n<\/section>\n<section class=\"elementor-section elementor-top-section elementor-element elementor-element-8001c23 elementor-section-boxed elementor-section-height-default elementor-section-height-default\" data-id=\"8001c23\" data-element_type=\"section\">\n<div class=\"elementor-container elementor-column-gap-default\">\n<div class=\"elementor-column elementor-col-100 elementor-top-column elementor-element elementor-element-501482c\" data-id=\"501482c\" data-element_type=\"column\">\n<div class=\"elementor-widget-wrap elementor-element-populated\">\n<section class=\"elementor-section elementor-inner-section elementor-element elementor-element-22e5186 elementor-section-boxed elementor-section-height-default elementor-section-height-default\" data-id=\"22e5186\" data-element_type=\"section\">\n<div class=\"elementor-container elementor-column-gap-default\">\n<div class=\"elementor-column elementor-col-50 elementor-inner-column elementor-element elementor-element-8602549\" data-id=\"8602549\" data-element_type=\"column\">\n<div class=\"elementor-widget-wrap elementor-element-populated\">\n<div class=\"elementor-element elementor-element-cdb51be elementor-widget elementor-widget-toggle\" data-id=\"cdb51be\" data-element_type=\"widget\" data-widget_type=\"toggle.default\">\n<div class=\"elementor-widget-container\">\n<style>\/*! elementor - v3.6.5 - 27-04-2022 *\/\n.elementor-toggle{text-align:left}.elementor-toggle .elementor-tab-title{font-weight:700;line-height:1;margin:0;padding:15px;border-bottom:1px solid #d4d4d4;cursor:pointer;outline:none}.elementor-toggle .elementor-tab-title .elementor-toggle-icon{display:inline-block;width:1em}.elementor-toggle .elementor-tab-title .elementor-toggle-icon svg{-webkit-margin-start:-5px;margin-inline-start:-5px;width:1em;height:1em}.elementor-toggle .elementor-tab-title .elementor-toggle-icon.elementor-toggle-icon-right{float:right;text-align:right}.elementor-toggle .elementor-tab-title .elementor-toggle-icon.elementor-toggle-icon-left{float:left;text-align:left}.elementor-toggle .elementor-tab-title .elementor-toggle-icon .elementor-toggle-icon-closed{display:block}.elementor-toggle .elementor-tab-title .elementor-toggle-icon .elementor-toggle-icon-opened{display:none}.elementor-toggle .elementor-tab-title.elementor-active{border-bottom:none}.elementor-toggle .elementor-tab-title.elementor-active .elementor-toggle-icon-closed{display:none}.elementor-toggle .elementor-tab-title.elementor-active .elementor-toggle-icon-opened{display:block}.elementor-toggle .elementor-tab-content{padding:15px;border-bottom:1px solid #d4d4d4;display:none}@media (max-width:767px){.elementor-toggle .elementor-tab-title{padding:12px}.elementor-toggle .elementor-tab-content{padding:12px 10px}}<\/style>\n<div class=\"elementor-toggle\" role=\"tablist\">\n<div class=\"elementor-toggle-item\">\n<div id=\"elementor-tab-title-2151\" class=\"elementor-tab-title\" data-tab=\"1\" role=\"tab\" aria-controls=\"elementor-tab-content-2151\" aria-expanded=\"false\">\n\t\t\t\t\t\t\t\t\t\t\t\t<span class=\"elementor-toggle-icon elementor-toggle-icon-left\" aria-hidden=\"true\"><br \/>\n\t\t\t\t\t\t\t\t\t\t\t\t\t\t\t<span class=\"elementor-toggle-icon-closed\"><i class=\"fas fa-caret-right\"><\/i><\/span><br \/>\n\t\t\t\t\t\t\t\t<span class=\"elementor-toggle-icon-opened\"><i class=\"elementor-toggle-icon-opened fas fa-caret-up\"><\/i><\/span><br \/>\n\t\t\t\t\t\t\t\t\t\t\t\t\t<\/span><br \/>\n\t\t\t\t\t\t\t\t\t\t\t\t<a href=\"\" class=\"elementor-toggle-title\">ABDOMINOPLASTIA<\/a>\n\t\t\t\t\t<\/div>\n<div id=\"elementor-tab-content-2151\" class=\"elementor-tab-content elementor-clearfix\" data-tab=\"1\" role=\"tabpanel\" aria-labelledby=\"elementor-tab-title-2151\">\n<p>\u00c9 a retirada do excesso de pele do abdome que apresenta flacidez. Tamb\u00e9m retira as estrias que se localizam abaixo da cicatriz umbilical.<br \/>A incis\u00e3o \u00e9 feita acima do p\u00fabis (na regi\u00e3o dos pelo pubianos) e se prolonga at\u00e9 o osso da bacia que se palpa na regi\u00e3o inferior do abdome, formando um arco, e outra incis\u00e3o na cicatriz umbilical.<br \/>A cicatriz fica escondida na roupa \u00edntima e nos trajes de banho.<br \/>A anestesia \u00e9 a peridural ou a raqui com seda\u00e7\u00e3o.<br \/>A recupera\u00e7\u00e3o varia em torno de 3 a 4 semanas e o resultado final em 6 meses.<\/p>\n<\/div><\/div>\n<div class=\"elementor-toggle-item\">\n<div id=\"elementor-tab-title-2152\" class=\"elementor-tab-title\" data-tab=\"2\" role=\"tab\" aria-controls=\"elementor-tab-content-2152\" aria-expanded=\"false\">\n\t\t\t\t\t\t\t\t\t\t\t\t<span class=\"elementor-toggle-icon elementor-toggle-icon-left\" aria-hidden=\"true\"><br \/>\n\t\t\t\t\t\t\t\t\t\t\t\t\t\t\t<span class=\"elementor-toggle-icon-closed\"><i class=\"fas fa-caret-right\"><\/i><\/span><br \/>\n\t\t\t\t\t\t\t\t<span class=\"elementor-toggle-icon-opened\"><i class=\"elementor-toggle-icon-opened fas fa-caret-up\"><\/i><\/span><br \/>\n\t\t\t\t\t\t\t\t\t\t\t\t\t<\/span><br \/>\n\t\t\t\t\t\t\t\t\t\t\t\t<a href=\"\" class=\"elementor-toggle-title\">LIPOASPIRA\u00c7\u00c3O<\/a>\n\t\t\t\t\t<\/div>\n<div id=\"elementor-tab-content-2152\" class=\"elementor-tab-content elementor-clearfix\" data-tab=\"2\" role=\"tabpanel\" aria-labelledby=\"elementor-tab-title-2152\">\n<p>Retirada de gordura localizada, propiciando um corpo com formas mais harm\u00f4nicas.<br \/>As incis\u00f5es variam de 0,5 a 0,7cm para a entrada da c\u00e2nula e a localiza\u00e7\u00e3o depende do local a ser aspirado.<\/p>\n<p>A anestesia pode ser local, com seda\u00e7\u00e3o ou geral.<\/p>\n<p>O tempo de recupera\u00e7\u00e3o em geral \u00e9 de 1 semana e o resultado final em 6 meses.<\/p>\n<\/div><\/div>\n<div class=\"elementor-toggle-item\">\n<div id=\"elementor-tab-title-2153\" class=\"elementor-tab-title\" data-tab=\"3\" role=\"tab\" aria-controls=\"elementor-tab-content-2153\" aria-expanded=\"false\">\n\t\t\t\t\t\t\t\t\t\t\t\t<span class=\"elementor-toggle-icon elementor-toggle-icon-left\" aria-hidden=\"true\"><br \/>\n\t\t\t\t\t\t\t\t\t\t\t\t\t\t\t<span class=\"elementor-toggle-icon-closed\"><i class=\"fas fa-caret-right\"><\/i><\/span><br \/>\n\t\t\t\t\t\t\t\t<span class=\"elementor-toggle-icon-opened\"><i class=\"elementor-toggle-icon-opened fas fa-caret-up\"><\/i><\/span><br \/>\n\t\t\t\t\t\t\t\t\t\t\t\t\t<\/span><br \/>\n\t\t\t\t\t\t\t\t\t\t\t\t<a href=\"\" class=\"elementor-toggle-title\">LIPOASPIRA\u00c7\u00c3O VASER\u00ae<\/a>\n\t\t\t\t\t<\/div>\n<div id=\"elementor-tab-content-2153\" class=\"elementor-tab-content elementor-clearfix\" data-tab=\"3\" role=\"tabpanel\" aria-labelledby=\"elementor-tab-title-2153\">\n<p>\u00c9 um sistema de lipoaspira\u00e7\u00e3o com Ultra Som. As vantagens s\u00e3o uma recupera\u00e7\u00e3o mais r\u00e1pida, menos hematomas, menor flacidez e \u00e9 a t\u00e9cnica utilizada na lipo HD (High definition).<br \/>A tecnologia Vaser utilizada na Lipoaspira\u00e7\u00e3o consiste na utiliza\u00e7\u00e3o de ondas ultrass\u00f4nicas direcionadas ao tecido adiposo. As ondas ultrass\u00f4nicas emulsificam a gordura, preservando os demais tecidos.<br \/>A gordura liquefeita \u00e9 removida suavemente atrav\u00e9s de suc\u00e7\u00e3o, preservando vasos sangu\u00edneos e nervos, reduzindo dor e hematomas, melhorando a cicatriza\u00e7\u00e3o e retra\u00e7\u00e3o da pele. Tamb\u00e9m contribui para um recupera\u00e7\u00e3o mais r\u00e1pida do paciente.<br \/>A Lipoaspira\u00e7\u00e3o Vaser \u00e9 ideal para \u00e1reas onde as t\u00e9cnicas tradicionais n\u00e3o s\u00e3o precisas, como pesco\u00e7o, bra\u00e7o, gl\u00e2ndula mam\u00e1ria masculina (ginecomastia) e regi\u00e3o axilar.<\/p>\n<\/div><\/div>\n<div class=\"elementor-toggle-item\">\n<div id=\"elementor-tab-title-2154\" class=\"elementor-tab-title\" data-tab=\"4\" role=\"tab\" aria-controls=\"elementor-tab-content-2154\" aria-expanded=\"false\">\n\t\t\t\t\t\t\t\t\t\t\t\t<span class=\"elementor-toggle-icon elementor-toggle-icon-left\" aria-hidden=\"true\"><br \/>\n\t\t\t\t\t\t\t\t\t\t\t\t\t\t\t<span class=\"elementor-toggle-icon-closed\"><i class=\"fas fa-caret-right\"><\/i><\/span><br \/>\n\t\t\t\t\t\t\t\t<span class=\"elementor-toggle-icon-opened\"><i class=\"elementor-toggle-icon-opened fas fa-caret-up\"><\/i><\/span><br \/>\n\t\t\t\t\t\t\t\t\t\t\t\t\t<\/span><br \/>\n\t\t\t\t\t\t\t\t\t\t\t\t<a href=\"\" class=\"elementor-toggle-title\">LIPOASPIRA\u00c7\u00c3O LASER<\/a>\n\t\t\t\t\t<\/div>\n<div id=\"elementor-tab-content-2154\" class=\"elementor-tab-content elementor-clearfix\" data-tab=\"4\" role=\"tabpanel\" aria-labelledby=\"elementor-tab-title-2154\">\n<p>\u00c9 um sistema de lipoaspira\u00e7\u00e3o laser assistida, que pode ser usada sozinha para retirar pequenas quantidades de gordura, ou pode ser associada com a lipoaspira\u00e7\u00e3o tradicional.<br \/>As vantagens s\u00e3o: recupera\u00e7\u00e3o mais r\u00e1pida, menor flacidez, menos hematomas e menos edema (incha\u00e7o).<\/p>\n<\/div><\/div>\n<div class=\"elementor-toggle-item\">\n<div id=\"elementor-tab-title-2155\" class=\"elementor-tab-title\" data-tab=\"5\" role=\"tab\" aria-controls=\"elementor-tab-content-2155\" aria-expanded=\"false\">\n\t\t\t\t\t\t\t\t\t\t\t\t<span class=\"elementor-toggle-icon elementor-toggle-icon-left\" aria-hidden=\"true\"><br \/>\n\t\t\t\t\t\t\t\t\t\t\t\t\t\t\t<span class=\"elementor-toggle-icon-closed\"><i class=\"fas fa-caret-right\"><\/i><\/span><br \/>\n\t\t\t\t\t\t\t\t<span class=\"elementor-toggle-icon-opened\"><i class=\"elementor-toggle-icon-opened fas fa-caret-up\"><\/i><\/span><br \/>\n\t\t\t\t\t\t\t\t\t\t\t\t\t<\/span><br \/>\n\t\t\t\t\t\t\t\t\t\t\t\t<a href=\"\" class=\"elementor-toggle-title\">LIPOESCULTURA<\/a>\n\t\t\t\t\t<\/div>\n<div id=\"elementor-tab-content-2155\" class=\"elementor-tab-content elementor-clearfix\" data-tab=\"5\" role=\"tabpanel\" aria-labelledby=\"elementor-tab-title-2155\">\n<p>\u00c9 o mesmo processo da lipoaspira\u00e7\u00e3o, mas a gordura aspirada \u00e9 reaproveitada para ser enxertada em outros locais onde seja necess\u00e1rio, visando melhorar o contorno corporal.<br \/>O tempo de recupera\u00e7\u00e3o tamb\u00e9m \u00e9 de 1 semana e o resultado final em 6 meses.<\/p>\n<\/div><\/div>\n<\/p><\/div>\n<\/p><\/div>\n<\/p><\/div>\n<\/p><\/div>\n<\/p><\/div>\n<div class=\"elementor-column elementor-col-50 elementor-inner-column elementor-element elementor-element-e131228\" data-id=\"e131228\" data-element_type=\"column\">\n<div class=\"elementor-widget-wrap elementor-element-populated\">\n<div class=\"elementor-element elementor-element-f9079fc elementor-widget elementor-widget-toggle\" data-id=\"f9079fc\" data-element_type=\"widget\" data-widget_type=\"toggle.default\">\n<div class=\"elementor-widget-container\">\n<div class=\"elementor-toggle\" role=\"tablist\">\n<div class=\"elementor-toggle-item\">\n<div id=\"elementor-tab-title-2611\" class=\"elementor-tab-title\" data-tab=\"1\" role=\"tab\" aria-controls=\"elementor-tab-content-2611\" aria-expanded=\"false\">\n\t\t\t\t\t\t\t\t\t\t\t\t<span class=\"elementor-toggle-icon elementor-toggle-icon-left\" aria-hidden=\"true\"><br \/>\n\t\t\t\t\t\t\t\t\t\t\t\t\t\t\t<span class=\"elementor-toggle-icon-closed\"><i class=\"fas fa-caret-right\"><\/i><\/span><br \/>\n\t\t\t\t\t\t\t\t<span class=\"elementor-toggle-icon-opened\"><i class=\"elementor-toggle-icon-opened fas fa-caret-up\"><\/i><\/span><br \/>\n\t\t\t\t\t\t\t\t\t\t\t\t\t<\/span><br \/>\n\t\t\t\t\t\t\t\t\t\t\t\t<a href=\"\" class=\"elementor-toggle-title\">CRUROPLASTIA (Dermolipectomia de coxa)<\/a>\n\t\t\t\t\t<\/div>\n<div id=\"elementor-tab-content-2611\" class=\"elementor-tab-content elementor-clearfix\" data-tab=\"1\" role=\"tabpanel\" aria-labelledby=\"elementor-tab-title-2611\">\n<p>Retirada do excesso de pele das coxas associada a uma lipoaspira\u00e7\u00e3o para retirar o excesso de gordura.<br \/>As incis\u00f5es podem variar dependendo do grau de flacidez , podendo se localizar somente na virilha ou se estender para a regi\u00e3o mediana da coxa.<\/p>\n<p>A anestesia \u00e9 a peridural ou raqui com seda\u00e7\u00e3o.<\/p>\n<p>Tempo de recupera\u00e7\u00e3o de 3 a 4 semanas. resultado final com 3 meses.<\/p>\n<\/div><\/div>\n<div class=\"elementor-toggle-item\">\n<div id=\"elementor-tab-title-2612\" class=\"elementor-tab-title\" data-tab=\"2\" role=\"tab\" aria-controls=\"elementor-tab-content-2612\" aria-expanded=\"false\">\n\t\t\t\t\t\t\t\t\t\t\t\t<span class=\"elementor-toggle-icon elementor-toggle-icon-left\" aria-hidden=\"true\"><br \/>\n\t\t\t\t\t\t\t\t\t\t\t\t\t\t\t<span class=\"elementor-toggle-icon-closed\"><i class=\"fas fa-caret-right\"><\/i><\/span><br \/>\n\t\t\t\t\t\t\t\t<span class=\"elementor-toggle-icon-opened\"><i class=\"elementor-toggle-icon-opened fas fa-caret-up\"><\/i><\/span><br \/>\n\t\t\t\t\t\t\t\t\t\t\t\t\t<\/span><br \/>\n\t\t\t\t\t\t\t\t\t\t\t\t<a href=\"\" class=\"elementor-toggle-title\">BRAQUIPLASTIA (Dermolipectomia de bra\u00e7o)<\/a>\n\t\t\t\t\t<\/div>\n<div id=\"elementor-tab-content-2612\" class=\"elementor-tab-content elementor-clearfix\" data-tab=\"2\" role=\"tabpanel\" aria-labelledby=\"elementor-tab-title-2612\">\n<p>Normalmente associada a uma lipoaspira\u00e7\u00e3o do bra\u00e7o para retirar o excesso de gordura e ressec\u00e7\u00e3o do excesso de pele, remodelando os bra\u00e7os.<br \/>A incis\u00e3o \u00e9 localizada na prega interna do bra\u00e7o e na axila.<\/p>\n<p>A anestesia \u00e9 local com seda\u00e7\u00e3o.<\/p>\n<p>Tempo de recupera\u00e7\u00e3o varia de 3 a 4 semanas. Resultado final com 3 meses.<\/p>\n<\/div><\/div>\n<div class=\"elementor-toggle-item\">\n<div id=\"elementor-tab-title-2613\" class=\"elementor-tab-title\" data-tab=\"3\" role=\"tab\" aria-controls=\"elementor-tab-content-2613\" aria-expanded=\"false\">\n\t\t\t\t\t\t\t\t\t\t\t\t<span class=\"elementor-toggle-icon elementor-toggle-icon-left\" aria-hidden=\"true\"><br \/>\n\t\t\t\t\t\t\t\t\t\t\t\t\t\t\t<span class=\"elementor-toggle-icon-closed\"><i class=\"fas fa-caret-right\"><\/i><\/span><br \/>\n\t\t\t\t\t\t\t\t<span class=\"elementor-toggle-icon-opened\"><i class=\"elementor-toggle-icon-opened fas fa-caret-up\"><\/i><\/span><br \/>\n\t\t\t\t\t\t\t\t\t\t\t\t\t<\/span><br \/>\n\t\t\t\t\t\t\t\t\t\t\t\t<a href=\"\" class=\"elementor-toggle-title\">AUMENTO DE PANTURRILHA<\/a>\n\t\t\t\t\t<\/div>\n<div id=\"elementor-tab-content-2613\" class=\"elementor-tab-content elementor-clearfix\" data-tab=\"3\" role=\"tabpanel\" aria-labelledby=\"elementor-tab-title-2613\">\n<p>Realizado com a inclus\u00e3o de implantes de silicone nas panturrilhas para deix\u00e1-las mais harm\u00f4nicas com as coxas.<br \/>A incis\u00e3o \u00e9 realizada na dobra atr\u00e1s do joelho.<br \/>A anestesia \u00e9 a peridural ou a raqui com seda\u00e7\u00e3o.<br \/>O tempo de recupera\u00e7\u00e3o varia de 3 a 4 semanas e o resultado final entre 3 e 6 meses.<\/p>\n<\/div><\/div>\n<div class=\"elementor-toggle-item\">\n<div id=\"elementor-tab-title-2614\" class=\"elementor-tab-title\" data-tab=\"4\" role=\"tab\" aria-controls=\"elementor-tab-content-2614\" aria-expanded=\"false\">\n\t\t\t\t\t\t\t\t\t\t\t\t<span class=\"elementor-toggle-icon elementor-toggle-icon-left\" aria-hidden=\"true\"><br \/>\n\t\t\t\t\t\t\t\t\t\t\t\t\t\t\t<span class=\"elementor-toggle-icon-closed\"><i class=\"fas fa-caret-right\"><\/i><\/span><br \/>\n\t\t\t\t\t\t\t\t<span class=\"elementor-toggle-icon-opened\"><i class=\"elementor-toggle-icon-opened fas fa-caret-up\"><\/i><\/span><br \/>\n\t\t\t\t\t\t\t\t\t\t\t\t\t<\/span><br \/>\n\t\t\t\t\t\t\t\t\t\t\t\t<a href=\"\" class=\"elementor-toggle-title\">GLUTEOPLASTIA<\/a>\n\t\t\t\t\t<\/div>\n<div id=\"elementor-tab-content-2614\" class=\"elementor-tab-content elementor-clearfix\" data-tab=\"4\" role=\"tabpanel\" aria-labelledby=\"elementor-tab-title-2614\">\n<p>Consiste no aumento da regi\u00e3o gl\u00fatea com implantes de silicone.<br \/>A incis\u00e3o \u00e9 realizada no sulco intergl\u00fateo (entre a n\u00e1dega direita e a esquerda) e fica totalmente impercept\u00edvel.<\/p>\n<p>A anestesia \u00e9 a peridural ou a raqui com seda\u00e7\u00e3o.<\/p>\n<p>O tempo de recupera\u00e7\u00e3o \u00e9 de 3 a 4 semanas e o resultado final de 3 a 6 meses.<\/p>\n<\/div><\/div>\n<\/p><\/div>\n<\/p><\/div>\n<\/p><\/div>\n<\/p><\/div>\n<\/p><\/div>\n<\/p><\/div>\n<\/section><\/div>\n<\/p><\/div>\n<\/p><\/div>\n<\/section><\/div>\n","protected":false},"excerpt":{"rendered":"<p>Pl\u00e1stica Corporal Tipos de procedimentos ABDOMINOPLASTIA \u00c9 a retirada do excesso de pele do abdome que apresenta flacidez. Tamb\u00e9m retira as estrias que se localizam abaixo da cicatriz umbilical.A incis\u00e3o \u00e9 feita acima do p\u00fabis (na regi\u00e3o dos pelo pubianos) e se prolonga at\u00e9 o osso da bacia que se palpa na regi\u00e3o inferior do [&hellip;]<\/p>\n","protected":false},"author":2,"featured_media":0,"parent":0,"menu_order":0,"comment_status":"closed","ping_status":"closed","template":"elementor_canvas","meta":{"_joinchat":[]},"yoast_head":"<!-- This site is optimized with the Yoast SEO plugin v19.14 - https:\/\/yoast.com\/wordpress\/plugins\/seo\/ -->\n<title>Pl\u00e1stica Corporal - Cl\u00ednica Marcia Frigerio<\/title>\n<meta name=\"robots\" content=\"index, follow, max-snippet:-1, max-image-preview:large, max-video-preview:-1\" \/>\n<link rel=\"canonical\" href=\"http:\/\/dramarciafrigerio.com.br\/?page_id=196\" \/>\n<meta property=\"og:locale\" content=\"en_US\" \/>\n<meta property=\"og:type\" content=\"article\" \/>\n<meta property=\"og:title\" content=\"Pl\u00e1stica Corporal - Cl\u00ednica Marcia Frigerio\" \/>\n<meta property=\"og:description\" content=\"Pl\u00e1stica Corporal Tipos de procedimentos ABDOMINOPLASTIA \u00c9 a retirada do excesso de pele do abdome que apresenta flacidez. Tamb\u00e9m retira as estrias que se localizam abaixo da cicatriz umbilical.A incis\u00e3o \u00e9 feita acima do p\u00fabis (na regi\u00e3o dos pelo pubianos) e se prolonga at\u00e9 o osso da bacia que se palpa na regi\u00e3o inferior do [&hellip;]\" \/>\n<meta property=\"og:url\" content=\"http:\/\/dramarciafrigerio.com.br\/?page_id=196\" \/>\n<meta property=\"og:site_name\" content=\"Cl\u00ednica Marcia Frigerio\" \/>\n<meta name=\"twitter:card\" content=\"summary_large_image\" \/>\n<meta name=\"twitter:label1\" content=\"Est. reading time\" \/>\n\t<meta name=\"twitter:data1\" content=\"4 minutes\" \/>\n<script type=\"application\/ld+json\" class=\"yoast-schema-graph\">{\"@context\":\"https:\/\/schema.org\",\"@graph\":[{\"@type\":\"WebPage\",\"@id\":\"http:\/\/dramarciafrigerio.com.br\/?page_id=196\",\"url\":\"http:\/\/dramarciafrigerio.com.br\/?page_id=196\",\"name\":\"Pl\u00e1stica Corporal - Cl\u00ednica Marcia Frigerio\",\"isPartOf\":{\"@id\":\"http:\/\/dramarciafrigerio.com.br\/#website\"},\"datePublished\":\"2022-01-06T17:18:37+00:00\",\"dateModified\":\"2022-01-06T17:18:37+00:00\",\"breadcrumb\":{\"@id\":\"http:\/\/dramarciafrigerio.com.br\/?page_id=196#breadcrumb\"},\"inLanguage\":\"en-US\",\"potentialAction\":[{\"@type\":\"ReadAction\",\"target\":[\"http:\/\/dramarciafrigerio.com.br\/?page_id=196\"]}]},{\"@type\":\"BreadcrumbList\",\"@id\":\"http:\/\/dramarciafrigerio.com.br\/?page_id=196#breadcrumb\",\"itemListElement\":[{\"@type\":\"ListItem\",\"position\":1,\"name\":\"Home\",\"item\":\"http:\/\/dramarciafrigerio.com.br\/\"},{\"@type\":\"ListItem\",\"position\":2,\"name\":\"Pl\u00e1stica Corporal\"}]},{\"@type\":\"WebSite\",\"@id\":\"http:\/\/dramarciafrigerio.com.br\/#website\",\"url\":\"http:\/\/dramarciafrigerio.com.br\/\",\"name\":\"Cl\u00ednica Marcia Frigerio\",\"description\":\"\",\"potentialAction\":[{\"@type\":\"SearchAction\",\"target\":{\"@type\":\"EntryPoint\",\"urlTemplate\":\"http:\/\/dramarciafrigerio.com.br\/?s={search_term_string}\"},\"query-input\":\"required name=search_term_string\"}],\"inLanguage\":\"en-US\"}]}<\/script>\n<!-- \/ Yoast SEO plugin. -->","yoast_head_json":{"title":"Pl\u00e1stica Corporal - Cl\u00ednica Marcia Frigerio","robots":{"index":"index","follow":"follow","max-snippet":"max-snippet:-1","max-image-preview":"max-image-preview:large","max-video-preview":"max-video-preview:-1"},"canonical":"http:\/\/dramarciafrigerio.com.br\/?page_id=196","og_locale":"en_US","og_type":"article","og_title":"Pl\u00e1stica Corporal - Cl\u00ednica Marcia Frigerio","og_description":"Pl\u00e1stica Corporal Tipos de procedimentos ABDOMINOPLASTIA \u00c9 a retirada do excesso de pele do abdome que apresenta flacidez. Tamb\u00e9m retira as estrias que se localizam abaixo da cicatriz umbilical.A incis\u00e3o \u00e9 feita acima do p\u00fabis (na regi\u00e3o dos pelo pubianos) e se prolonga at\u00e9 o osso da bacia que se palpa na regi\u00e3o inferior do [&hellip;]","og_url":"http:\/\/dramarciafrigerio.com.br\/?page_id=196","og_site_name":"Cl\u00ednica Marcia Frigerio","twitter_card":"summary_large_image","twitter_misc":{"Est. reading time":"4 minutes"},"schema":{"@context":"https:\/\/schema.org","@graph":[{"@type":"WebPage","@id":"http:\/\/dramarciafrigerio.com.br\/?page_id=196","url":"http:\/\/dramarciafrigerio.com.br\/?page_id=196","name":"Pl\u00e1stica Corporal - Cl\u00ednica Marcia Frigerio","isPartOf":{"@id":"http:\/\/dramarciafrigerio.com.br\/#website"},"datePublished":"2022-01-06T17:18:37+00:00","dateModified":"2022-01-06T17:18:37+00:00","breadcrumb":{"@id":"http:\/\/dramarciafrigerio.com.br\/?page_id=196#breadcrumb"},"inLanguage":"en-US","potentialAction":[{"@type":"ReadAction","target":["http:\/\/dramarciafrigerio.com.br\/?page_id=196"]}]},{"@type":"BreadcrumbList","@id":"http:\/\/dramarciafrigerio.com.br\/?page_id=196#breadcrumb","itemListElement":[{"@type":"ListItem","position":1,"name":"Home","item":"http:\/\/dramarciafrigerio.com.br\/"},{"@type":"ListItem","position":2,"name":"Pl\u00e1stica Corporal"}]},{"@type":"WebSite","@id":"http:\/\/dramarciafrigerio.com.br\/#website","url":"http:\/\/dramarciafrigerio.com.br\/","name":"Cl\u00ednica Marcia Frigerio","description":"","potentialAction":[{"@type":"SearchAction","target":{"@type":"EntryPoint","urlTemplate":"http:\/\/dramarciafrigerio.com.br\/?s={search_term_string}"},"query-input":"required name=search_term_string"}],"inLanguage":"en-US"}]}},"_links":{"self":[{"href":"http:\/\/dramarciafrigerio.com.br\/index.php?rest_route=\/wp\/v2\/pages\/196"}],"collection":[{"href":"http:\/\/dramarciafrigerio.com.br\/index.php?rest_route=\/wp\/v2\/pages"}],"about":[{"href":"http:\/\/dramarciafrigerio.com.br\/index.php?rest_route=\/wp\/v2\/types\/page"}],"author":[{"embeddable":true,"href":"http:\/\/dramarciafrigerio.com.br\/index.php?rest_route=\/wp\/v2\/users\/2"}],"replies":[{"embeddable":true,"href":"http:\/\/dramarciafrigerio.com.br\/index.php?rest_route=%2Fwp%2Fv2%2Fcomments&post=196"}],"version-history":[{"count":0,"href":"http:\/\/dramarciafrigerio.com.br\/index.php?rest_route=\/wp\/v2\/pages\/196\/revisions"}],"wp:attachment":[{"href":"http:\/\/dramarciafrigerio.com.br\/index.php?rest_route=%2Fwp%2Fv2%2Fmedia&parent=196"}],"curies":[{"name":"wp","href":"https:\/\/api.w.org\/{rel}","templated":true}]}}