{"id":215,"date":"2022-01-06T14:40:19","date_gmt":"2022-01-06T17:40:19","guid":{"rendered":"https:\/\/clinicamarciafrigerio.com.br\/?page_id=215"},"modified":"2022-01-06T14:40:19","modified_gmt":"2022-01-06T17:40:19","slug":"transplante-capilar","status":"publish","type":"page","link":"http:\/\/dramarciafrigerio.com.br\/?page_id=215","title":{"rendered":"Transplante Capilar"},"content":{"rendered":"\n<div data-elementor-type=\"wp-page\" data-elementor-id=\"215\" class=\"elementor elementor-215\">\n<section class=\"elementor-section elementor-top-section elementor-element elementor-element-be52889 elementor-section-height-min-height elementor-section-boxed elementor-section-height-default elementor-section-items-middle\" data-id=\"be52889\" data-element_type=\"section\" data-settings=\"{&quot;shape_divider_bottom&quot;:&quot;opacity-tilt&quot;}\">\n<div class=\"elementor-background-overlay\"><\/div>\n<div class=\"elementor-shape elementor-shape-bottom\" data-negative=\"false\">\n\t\t\t<svg xmlns=\"http:\/\/www.w3.org\/2000\/svg\" viewBox=\"0 0 2600 131.1\" preserveAspectRatio=\"none\">\n\t<path class=\"elementor-shape-fill\" d=\"M0 0L2600 0 2600 69.1 0 0z\"\/>\n\t<path class=\"elementor-shape-fill\" style=\"opacity:0.5\" d=\"M0 0L2600 0 2600 69.1 0 69.1z\"\/>\n\t<path class=\"elementor-shape-fill\" style=\"opacity:0.25\" d=\"M2600 0L0 0 0 130.1 2600 69.1z\"\/>\n<\/svg>\t\t<\/div>\n<div class=\"elementor-container elementor-column-gap-default\">\n<div class=\"elementor-column elementor-col-100 elementor-top-column elementor-element elementor-element-0d5b812\" data-id=\"0d5b812\" data-element_type=\"column\">\n<div class=\"elementor-widget-wrap elementor-element-populated\">\n<section class=\"elementor-section elementor-inner-section elementor-element elementor-element-b36af2e elementor-section-boxed elementor-section-height-default elementor-section-height-default\" data-id=\"b36af2e\" data-element_type=\"section\">\n<div class=\"elementor-container elementor-column-gap-default\">\n<div class=\"elementor-column elementor-col-50 elementor-inner-column elementor-element elementor-element-045ca5c\" data-id=\"045ca5c\" data-element_type=\"column\">\n<div class=\"elementor-widget-wrap elementor-element-populated\">\n<div class=\"elementor-element elementor-element-5bf001e elementor-widget elementor-widget-heading\" data-id=\"5bf001e\" data-element_type=\"widget\" data-widget_type=\"heading.default\">\n<div class=\"elementor-widget-container\">\n<style>\/*! elementor - v3.6.5 - 27-04-2022 *\/\n.elementor-heading-title{padding:0;margin:0;line-height:1}.elementor-widget-heading .elementor-heading-title[class*=elementor-size-]>a{color:inherit;font-size:inherit;line-height:inherit}.elementor-widget-heading .elementor-heading-title.elementor-size-small{font-size:15px}.elementor-widget-heading .elementor-heading-title.elementor-size-medium{font-size:19px}.elementor-widget-heading .elementor-heading-title.elementor-size-large{font-size:29px}.elementor-widget-heading .elementor-heading-title.elementor-size-xl{font-size:39px}.elementor-widget-heading .elementor-heading-title.elementor-size-xxl{font-size:59px}<\/style>\n<h2 class=\"elementor-heading-title elementor-size-default\">Transplante Capilar<\/h2>\n<\/p><\/div>\n<\/p><\/div>\n<\/p><\/div>\n<\/p><\/div>\n<div class=\"elementor-column elementor-col-50 elementor-inner-column elementor-element elementor-element-ca35f4f\" data-id=\"ca35f4f\" data-element_type=\"column\">\n<div class=\"elementor-widget-wrap\">\n\t\t\t\t\t\t\t\t\t<\/div>\n<\/p><\/div>\n<\/p><\/div>\n<\/section><\/div>\n<\/p><\/div>\n<\/p><\/div>\n<\/section>\n<section class=\"elementor-section elementor-top-section elementor-element elementor-element-5a36041 elementor-section-boxed elementor-section-height-default elementor-section-height-default\" data-id=\"5a36041\" data-element_type=\"section\">\n<div class=\"elementor-background-overlay\"><\/div>\n<div class=\"elementor-container elementor-column-gap-default\">\n<div class=\"elementor-column elementor-col-100 elementor-top-column elementor-element elementor-element-ef38f5b\" data-id=\"ef38f5b\" data-element_type=\"column\">\n<div class=\"elementor-widget-wrap elementor-element-populated\">\n<div class=\"elementor-element elementor-element-a626ffc elementor-widget elementor-widget-heading\" data-id=\"a626ffc\" data-element_type=\"widget\" data-widget_type=\"heading.default\">\n<div class=\"elementor-widget-container\">\n<h2 class=\"elementor-heading-title elementor-size-default\">Sobre o <b>procedimentos<\/b> <\/h2>\n<\/p><\/div>\n<\/p><\/div>\n<div class=\"elementor-element elementor-element-3c13182 elementor-widget elementor-widget-text-editor\" data-id=\"3c13182\" data-element_type=\"widget\" data-widget_type=\"text-editor.default\">\n<div class=\"elementor-widget-container\">\n<style>\/*! elementor - v3.6.5 - 27-04-2022 *\/\n.elementor-widget-text-editor.elementor-drop-cap-view-stacked .elementor-drop-cap{background-color:#818a91;color:#fff}.elementor-widget-text-editor.elementor-drop-cap-view-framed .elementor-drop-cap{color:#818a91;border:3px solid;background-color:transparent}.elementor-widget-text-editor:not(.elementor-drop-cap-view-default) .elementor-drop-cap{margin-top:8px}.elementor-widget-text-editor:not(.elementor-drop-cap-view-default) .elementor-drop-cap-letter{width:1em;height:1em}.elementor-widget-text-editor .elementor-drop-cap{float:left;text-align:center;line-height:1;font-size:50px}.elementor-widget-text-editor .elementor-drop-cap-letter{display:inline-block}<\/style>\n<p>A queda de cabelo mais comum que \u00e9 causada por influ\u00eancia de um horm\u00f4nio masculino \u2013 \u00e9 a alopecia androg\u00eanica. Hoje sabe-se que existem \u00e1reas nos cabelos que possuem um c\u00f3digo gen\u00e9tico para a calv\u00edcie, enquanto outras \u00e1reas n\u00e3o possuem este gene. Outras causas de queda de cabelo s\u00e3o a seborreia, o excesso de oleosidade, o estresse, o fumo e m\u00e1 alimenta\u00e7\u00e3o.<\/p>\n<p>Existe uma regi\u00e3o do couro cabeludo, no dorso e nos lados da cabe\u00e7a, que n\u00e3o possui o gene da calv\u00edcie e que n\u00e3o sofrem esta a\u00e7\u00e3o hormonal. Estas s\u00e3o as regi\u00f5es das quais se extraem os fios a serem transplantados. Como s\u00e3o do pr\u00f3prio paciente, n\u00e3o existe rejei\u00e7\u00e3o aos transplantes. Qualquer pessoa a partir dos 18 anos pode fazer um transplante capilar, com exce\u00e7\u00e3o de calv\u00edcies muito extensas, na qual a \u00e1rea doadora \u00e9 muito pequena, n\u00e3o permitindo um bom resultado.<\/p>\n<p>O planejamento cir\u00fargico \u00e9 feito sempre visando \u00e0 naturalidade da apar\u00eancia. Na \u00e1rea frontal, o m\u00e9dico e o paciente decidem como ser\u00e1 desenhada a \u201clinha frontal\u201d. Normalmente S\u00e3o transplantados de 3.000 a 8000 fios. \u00c9 poss\u00edvel, dependendo da \u00e1rea da calv\u00edcie, que seja necess\u00e1ria uma segunda sess\u00e3o ap\u00f3s alguns meses, para melhor resultado.<\/p>\n<p>A anestesia realizada \u00e9 geralmente local com seda\u00e7\u00e3o e dura aproximadamente de 4 a 12 horas, recebendo alta no mesmo dia. A \u00e1rea doadora fica com uma fina cicatriz, entremeada pelos cabelos e totalmente inaparente no p\u00f3s-operat\u00f3rio.<\/p>\n<p>Na regi\u00e3o dos transplantes formam-se pequenas crostas, que em um per\u00edodo de 1 a 2 semanas se desprendem, levando consigo os fios transplantados. Ao final de 3 meses, come\u00e7am a crescer os novos cabelos a partir das ra\u00edzes que foram transplantadas. A partir da\u00ed os cuidados s\u00e3o os normais. Os fios transplantados n\u00e3o cair\u00e3o nunca, pois n\u00e3o t\u00eam o gene sens\u00edvel ao horm\u00f4nio masculino.<\/p>\n<\/p><\/div>\n<\/p><\/div>\n<\/p><\/div>\n<\/p><\/div>\n<\/p><\/div>\n<\/section>\n<section class=\"elementor-section elementor-top-section elementor-element elementor-element-8001c23 elementor-section-boxed elementor-section-height-default elementor-section-height-default\" data-id=\"8001c23\" data-element_type=\"section\">\n<div class=\"elementor-container elementor-column-gap-default\">\n<div class=\"elementor-column elementor-col-100 elementor-top-column elementor-element elementor-element-501482c\" data-id=\"501482c\" data-element_type=\"column\">\n<div class=\"elementor-widget-wrap elementor-element-populated\">\n<section class=\"elementor-section elementor-inner-section elementor-element elementor-element-6a6c389 elementor-section-boxed elementor-section-height-default elementor-section-height-default\" data-id=\"6a6c389\" data-element_type=\"section\">\n<div class=\"elementor-container elementor-column-gap-default\">\n<div class=\"elementor-column elementor-col-100 elementor-inner-column elementor-element elementor-element-c9604e0\" data-id=\"c9604e0\" data-element_type=\"column\">\n<div class=\"elementor-widget-wrap elementor-element-populated\">\n<div class=\"elementor-element elementor-element-a5e80de elementor-widget elementor-widget-heading\" data-id=\"a5e80de\" data-element_type=\"widget\" data-widget_type=\"heading.default\">\n<div class=\"elementor-widget-container\">\n<h2 class=\"elementor-heading-title elementor-size-default\">T\u00e9cnicas<\/h2>\n<\/p><\/div>\n<\/p><\/div>\n<div class=\"elementor-element elementor-element-cdb51be elementor-widget elementor-widget-toggle\" data-id=\"cdb51be\" data-element_type=\"widget\" data-widget_type=\"toggle.default\">\n<div class=\"elementor-widget-container\">\n<style>\/*! elementor - v3.6.5 - 27-04-2022 *\/\n.elementor-toggle{text-align:left}.elementor-toggle .elementor-tab-title{font-weight:700;line-height:1;margin:0;padding:15px;border-bottom:1px solid #d4d4d4;cursor:pointer;outline:none}.elementor-toggle .elementor-tab-title .elementor-toggle-icon{display:inline-block;width:1em}.elementor-toggle .elementor-tab-title .elementor-toggle-icon svg{-webkit-margin-start:-5px;margin-inline-start:-5px;width:1em;height:1em}.elementor-toggle .elementor-tab-title .elementor-toggle-icon.elementor-toggle-icon-right{float:right;text-align:right}.elementor-toggle .elementor-tab-title .elementor-toggle-icon.elementor-toggle-icon-left{float:left;text-align:left}.elementor-toggle .elementor-tab-title .elementor-toggle-icon .elementor-toggle-icon-closed{display:block}.elementor-toggle .elementor-tab-title .elementor-toggle-icon .elementor-toggle-icon-opened{display:none}.elementor-toggle .elementor-tab-title.elementor-active{border-bottom:none}.elementor-toggle .elementor-tab-title.elementor-active .elementor-toggle-icon-closed{display:none}.elementor-toggle .elementor-tab-title.elementor-active .elementor-toggle-icon-opened{display:block}.elementor-toggle .elementor-tab-content{padding:15px;border-bottom:1px solid #d4d4d4;display:none}@media (max-width:767px){.elementor-toggle .elementor-tab-title{padding:12px}.elementor-toggle .elementor-tab-content{padding:12px 10px}}<\/style>\n<div class=\"elementor-toggle\" role=\"tablist\">\n<div class=\"elementor-toggle-item\">\n<div id=\"elementor-tab-title-2151\" class=\"elementor-tab-title\" data-tab=\"1\" role=\"tab\" aria-controls=\"elementor-tab-content-2151\" aria-expanded=\"false\">\n\t\t\t\t\t\t\t\t\t\t\t\t<span class=\"elementor-toggle-icon elementor-toggle-icon-left\" aria-hidden=\"true\"><br \/>\n\t\t\t\t\t\t\t\t\t\t\t\t\t\t\t<span class=\"elementor-toggle-icon-closed\"><i class=\"fas fa-caret-right\"><\/i><\/span><br \/>\n\t\t\t\t\t\t\t\t<span class=\"elementor-toggle-icon-opened\"><i class=\"elementor-toggle-icon-opened fas fa-caret-up\"><\/i><\/span><br \/>\n\t\t\t\t\t\t\t\t\t\t\t\t\t<\/span><br \/>\n\t\t\t\t\t\t\t\t\t\t\t\t<a href=\"\" class=\"elementor-toggle-title\">FUE<\/a>\n\t\t\t\t\t<\/div>\n<div id=\"elementor-tab-content-2151\" class=\"elementor-tab-content elementor-clearfix\" data-tab=\"1\" role=\"tabpanel\" aria-labelledby=\"elementor-tab-title-2151\">\n<p>Conhecida como t\u00e9cnica sem cicatriz linear, minimamente invasiva e sem desconforto no p\u00f3s operatorio.<br \/>\u00c9 uma t\u00e9cnica realizada pela extracao folicular da regiao posterior da cabe\u00e7a um a um . Nessa tecnica o paciente tem de raspar toda a cabe\u00e7a. A quantidade de UFs por essa tecnica sao menores que da outra. Mas\u2026.a recuperacao \u00e9 bem melhor e as cicatrizes sao puntiformes. Excelente t\u00e9cnicas para calv\u00edcies menores.<\/p>\n<\/div><\/div>\n<div class=\"elementor-toggle-item\">\n<div id=\"elementor-tab-title-2152\" class=\"elementor-tab-title\" data-tab=\"2\" role=\"tab\" aria-controls=\"elementor-tab-content-2152\" aria-expanded=\"false\">\n\t\t\t\t\t\t\t\t\t\t\t\t<span class=\"elementor-toggle-icon elementor-toggle-icon-left\" aria-hidden=\"true\"><br \/>\n\t\t\t\t\t\t\t\t\t\t\t\t\t\t\t<span class=\"elementor-toggle-icon-closed\"><i class=\"fas fa-caret-right\"><\/i><\/span><br \/>\n\t\t\t\t\t\t\t\t<span class=\"elementor-toggle-icon-opened\"><i class=\"elementor-toggle-icon-opened fas fa-caret-up\"><\/i><\/span><br \/>\n\t\t\t\t\t\t\t\t\t\t\t\t\t<\/span><br \/>\n\t\t\t\t\t\t\t\t\t\t\t\t<a href=\"\" class=\"elementor-toggle-title\">FUT<\/a>\n\t\t\t\t\t<\/div>\n<div id=\"elementor-tab-content-2152\" class=\"elementor-tab-content elementor-clearfix\" data-tab=\"2\" role=\"tabpanel\" aria-labelledby=\"elementor-tab-title-2152\">\n<p>Conhecida como a t\u00e9cnica que deixa uma cicatriz linear. Consiste em retirar uma faixa de cabelo da parte posterior da cabe\u00e7a.<br \/>N\u00e3o h\u00e1 necessidade de raspar a cabe\u00e7a. As unidades foliculares s\u00e3o separadas microscopicamente com lentes de aumento potentes e pessoal altamente treinado e qualificado.<\/p>\n<p>Essa t\u00e9cnica consegue uma maior quantidade de UFs, podendo cobrir bem mais que a outra.<\/p>\n<\/div><\/div>\n<\/p><\/div>\n<\/p><\/div>\n<\/p><\/div>\n<div class=\"elementor-element elementor-element-70d9efd elementor-widget elementor-widget-heading\" data-id=\"70d9efd\" data-element_type=\"widget\" data-widget_type=\"heading.default\">\n<div class=\"elementor-widget-container\">\n<h2 class=\"elementor-heading-title elementor-size-default\">Transplante capilar \u00e9  indicado para <b>voc\u00ea<\/b> ?<\/h2>\n<\/p><\/div>\n<\/p><\/div>\n<div class=\"elementor-element elementor-element-1acfaa6 elementor-widget elementor-widget-text-editor\" data-id=\"1acfaa6\" data-element_type=\"widget\" data-widget_type=\"text-editor.default\">\n<div class=\"elementor-widget-container\">\n<p>A calv\u00edcie \u00e9 um problema que atinge diretamente a autoestima e possui diversas caracter\u00edsticas e causas, podendo estar relacionadas a outras doen\u00e7as, defici\u00eancias vitam\u00ednicas, fatores gen\u00e9ticos, entre outros. O transplante capilar \u00e9 a solu\u00e7\u00e3o para homens e mulheres que apresentam diferentes graus de calv\u00edcie, exceto quem j\u00e1 chegou a totalidade. Pacientes com fios mais grossos e volumosos costumam ter resultado ainda melhor, visto que a densidade capilar \u00e9 maior do que os que possuem fios mais finos.<\/p>\n<\/p><\/div>\n<\/p><\/div>\n<\/p><\/div>\n<\/p><\/div>\n<\/p><\/div>\n<\/section><\/div>\n<\/p><\/div>\n<\/p><\/div>\n<\/section><\/div>\n","protected":false},"excerpt":{"rendered":"<p>Transplante Capilar Sobre o procedimentos A queda de cabelo mais comum que \u00e9 causada por influ\u00eancia de um horm\u00f4nio masculino \u2013 \u00e9 a alopecia androg\u00eanica. Hoje sabe-se que existem \u00e1reas nos cabelos que possuem um c\u00f3digo gen\u00e9tico para a calv\u00edcie, enquanto outras \u00e1reas n\u00e3o possuem este gene. Outras causas de queda de cabelo s\u00e3o a [&hellip;]<\/p>\n","protected":false},"author":2,"featured_media":0,"parent":0,"menu_order":0,"comment_status":"closed","ping_status":"closed","template":"elementor_canvas","meta":{"_joinchat":[]},"yoast_head":"<!-- This site is optimized with the Yoast SEO plugin v19.14 - https:\/\/yoast.com\/wordpress\/plugins\/seo\/ -->\n<title>Transplante Capilar - Cl\u00ednica Marcia Frigerio<\/title>\n<meta name=\"robots\" content=\"index, follow, max-snippet:-1, max-image-preview:large, max-video-preview:-1\" \/>\n<link rel=\"canonical\" href=\"http:\/\/dramarciafrigerio.com.br\/?page_id=215\" \/>\n<meta property=\"og:locale\" content=\"en_US\" \/>\n<meta property=\"og:type\" content=\"article\" \/>\n<meta property=\"og:title\" content=\"Transplante Capilar - Cl\u00ednica Marcia Frigerio\" \/>\n<meta property=\"og:description\" content=\"Transplante Capilar Sobre o procedimentos A queda de cabelo mais comum que \u00e9 causada por influ\u00eancia de um horm\u00f4nio masculino \u2013 \u00e9 a alopecia androg\u00eanica. Hoje sabe-se que existem \u00e1reas nos cabelos que possuem um c\u00f3digo gen\u00e9tico para a calv\u00edcie, enquanto outras \u00e1reas n\u00e3o possuem este gene. Outras causas de queda de cabelo s\u00e3o a [&hellip;]\" \/>\n<meta property=\"og:url\" content=\"http:\/\/dramarciafrigerio.com.br\/?page_id=215\" \/>\n<meta property=\"og:site_name\" content=\"Cl\u00ednica Marcia Frigerio\" \/>\n<meta name=\"twitter:card\" content=\"summary_large_image\" \/>\n<meta name=\"twitter:label1\" content=\"Est. reading time\" \/>\n\t<meta name=\"twitter:data1\" content=\"3 minutes\" \/>\n<script type=\"application\/ld+json\" class=\"yoast-schema-graph\">{\"@context\":\"https:\/\/schema.org\",\"@graph\":[{\"@type\":\"WebPage\",\"@id\":\"http:\/\/dramarciafrigerio.com.br\/?page_id=215\",\"url\":\"http:\/\/dramarciafrigerio.com.br\/?page_id=215\",\"name\":\"Transplante Capilar - Cl\u00ednica Marcia Frigerio\",\"isPartOf\":{\"@id\":\"http:\/\/dramarciafrigerio.com.br\/#website\"},\"datePublished\":\"2022-01-06T17:40:19+00:00\",\"dateModified\":\"2022-01-06T17:40:19+00:00\",\"breadcrumb\":{\"@id\":\"http:\/\/dramarciafrigerio.com.br\/?page_id=215#breadcrumb\"},\"inLanguage\":\"en-US\",\"potentialAction\":[{\"@type\":\"ReadAction\",\"target\":[\"http:\/\/dramarciafrigerio.com.br\/?page_id=215\"]}]},{\"@type\":\"BreadcrumbList\",\"@id\":\"http:\/\/dramarciafrigerio.com.br\/?page_id=215#breadcrumb\",\"itemListElement\":[{\"@type\":\"ListItem\",\"position\":1,\"name\":\"Home\",\"item\":\"http:\/\/dramarciafrigerio.com.br\/\"},{\"@type\":\"ListItem\",\"position\":2,\"name\":\"Transplante Capilar\"}]},{\"@type\":\"WebSite\",\"@id\":\"http:\/\/dramarciafrigerio.com.br\/#website\",\"url\":\"http:\/\/dramarciafrigerio.com.br\/\",\"name\":\"Cl\u00ednica Marcia Frigerio\",\"description\":\"\",\"potentialAction\":[{\"@type\":\"SearchAction\",\"target\":{\"@type\":\"EntryPoint\",\"urlTemplate\":\"http:\/\/dramarciafrigerio.com.br\/?s={search_term_string}\"},\"query-input\":\"required name=search_term_string\"}],\"inLanguage\":\"en-US\"}]}<\/script>\n<!-- \/ Yoast SEO plugin. -->","yoast_head_json":{"title":"Transplante Capilar - Cl\u00ednica Marcia Frigerio","robots":{"index":"index","follow":"follow","max-snippet":"max-snippet:-1","max-image-preview":"max-image-preview:large","max-video-preview":"max-video-preview:-1"},"canonical":"http:\/\/dramarciafrigerio.com.br\/?page_id=215","og_locale":"en_US","og_type":"article","og_title":"Transplante Capilar - Cl\u00ednica Marcia Frigerio","og_description":"Transplante Capilar Sobre o procedimentos A queda de cabelo mais comum que \u00e9 causada por influ\u00eancia de um horm\u00f4nio masculino \u2013 \u00e9 a alopecia androg\u00eanica. Hoje sabe-se que existem \u00e1reas nos cabelos que possuem um c\u00f3digo gen\u00e9tico para a calv\u00edcie, enquanto outras \u00e1reas n\u00e3o possuem este gene. Outras causas de queda de cabelo s\u00e3o a [&hellip;]","og_url":"http:\/\/dramarciafrigerio.com.br\/?page_id=215","og_site_name":"Cl\u00ednica Marcia Frigerio","twitter_card":"summary_large_image","twitter_misc":{"Est. reading time":"3 minutes"},"schema":{"@context":"https:\/\/schema.org","@graph":[{"@type":"WebPage","@id":"http:\/\/dramarciafrigerio.com.br\/?page_id=215","url":"http:\/\/dramarciafrigerio.com.br\/?page_id=215","name":"Transplante Capilar - Cl\u00ednica Marcia Frigerio","isPartOf":{"@id":"http:\/\/dramarciafrigerio.com.br\/#website"},"datePublished":"2022-01-06T17:40:19+00:00","dateModified":"2022-01-06T17:40:19+00:00","breadcrumb":{"@id":"http:\/\/dramarciafrigerio.com.br\/?page_id=215#breadcrumb"},"inLanguage":"en-US","potentialAction":[{"@type":"ReadAction","target":["http:\/\/dramarciafrigerio.com.br\/?page_id=215"]}]},{"@type":"BreadcrumbList","@id":"http:\/\/dramarciafrigerio.com.br\/?page_id=215#breadcrumb","itemListElement":[{"@type":"ListItem","position":1,"name":"Home","item":"http:\/\/dramarciafrigerio.com.br\/"},{"@type":"ListItem","position":2,"name":"Transplante Capilar"}]},{"@type":"WebSite","@id":"http:\/\/dramarciafrigerio.com.br\/#website","url":"http:\/\/dramarciafrigerio.com.br\/","name":"Cl\u00ednica Marcia Frigerio","description":"","potentialAction":[{"@type":"SearchAction","target":{"@type":"EntryPoint","urlTemplate":"http:\/\/dramarciafrigerio.com.br\/?s={search_term_string}"},"query-input":"required name=search_term_string"}],"inLanguage":"en-US"}]}},"_links":{"self":[{"href":"http:\/\/dramarciafrigerio.com.br\/index.php?rest_route=\/wp\/v2\/pages\/215"}],"collection":[{"href":"http:\/\/dramarciafrigerio.com.br\/index.php?rest_route=\/wp\/v2\/pages"}],"about":[{"href":"http:\/\/dramarciafrigerio.com.br\/index.php?rest_route=\/wp\/v2\/types\/page"}],"author":[{"embeddable":true,"href":"http:\/\/dramarciafrigerio.com.br\/index.php?rest_route=\/wp\/v2\/users\/2"}],"replies":[{"embeddable":true,"href":"http:\/\/dramarciafrigerio.com.br\/index.php?rest_route=%2Fwp%2Fv2%2Fcomments&post=215"}],"version-history":[{"count":0,"href":"http:\/\/dramarciafrigerio.com.br\/index.php?rest_route=\/wp\/v2\/pages\/215\/revisions"}],"wp:attachment":[{"href":"http:\/\/dramarciafrigerio.com.br\/index.php?rest_route=%2Fwp%2Fv2%2Fmedia&parent=215"}],"curies":[{"name":"wp","href":"https:\/\/api.w.org\/{rel}","templated":true}]}}